{"id":117662,"date":"2022-07-25T13:31:08","date_gmt":"2022-07-25T11:31:08","guid":{"rendered":"https:\/\/smidl.cz\/zasady-ochrany-osobnich-udaju\/"},"modified":"2022-09-09T11:04:09","modified_gmt":"2022-09-09T09:04:09","slug":"processing-priciples-of-personal-data","status":"publish","type":"page","link":"https:\/\/www.smidl.cz\/en\/processing-priciples-of-personal-data\/","title":{"rendered":"Processing principles of personal data"},"content":{"rendered":"<h1>\u0160m\u00eddl holding\u2019s personal data processing principles<\/h1>\n<p>On May 25<sup>th<\/sup>, 2018, the Regulation (EU) 2016\/679 of the European Parliament and of the Council on personal data protection, known as GDPR, entered into force in the Czech Republic. One of the requirements of the new regulation is also the Personal Data Controller\u2019s (hereinafter referred to as the \u201cCompany\u201d) obligation to inform data subjects (see below) about the personal data processing principles, which the Company follows when processing personal data, in particular:<\/p>\n<ul>\n<li>who are the Data Subjects whose personal data is processed by the Company<\/li>\n<li>what personal data the Company processes<\/li>\n<li>the purpose for which personal data is processed by the Company<\/li>\n<li>who, if any, are their other recipients to whom this personal data is transferred<\/li>\n<li>for how long personal data is processed and stored<\/li>\n<li>what are the Data Subjects rights<\/li>\n<li>how Personal Data Subjects can exercise their rights with the processing Company<\/li>\n<\/ul>\n<p>In addition to&nbsp;<strong>\u0160m\u00eddl Holding Company a.s., Business ID No: 03220311<\/strong>, with its registered office in \u010cs. arm\u00e1dy 991, \u017damberk, 564 01, entered in the Commercial Register kept by the Regional Court in Hradec Kr\u00e1lov\u00e9, Section B, Insert 3315, all legal entities within this holding are&nbsp;<strong>the administrators and personal data processors<\/strong>, i.e.:<\/p>\n<ul>\n<li><strong>\u0160m\u00eddl Provozn\u00ed Holding s.r.o., Business ID No: 03526275<\/strong>, with its registered office in \u010cs. arm\u00e1dy 991, \u017damberk, 564 01 entered in the Commercial Register kept by the Regional Court in Hradec Kr\u00e1lov\u00e9, section C, insert 34220<\/li>\n<li><strong>\u0160m\u00eddl s.r.o., Business ID No: 26009030<\/strong>, with its registered office in \u010cs. arm\u00e1dy 991, \u017damberk, 564 01, entered in the Commercial Register kept by the Regional Court in Hradec Kr\u00e1lov\u00e9, section C, insert 19828<\/li>\n<li><strong>\u0160m\u00eddl Servis s.r.o., Business ID No: 02352583<\/strong>, with its registered office in \u010cs. arm\u00e1dy 991, \u017damberk, 564 01, entered in the Commercial Register kept by the Regional Court in Hradec Kr\u00e1lov\u00e9, section C, insert 34296<\/li>\n<li><strong>\u0160m\u00eddl Reality s.r.o., Business ID No: 02418541<\/strong>, with its registered office in \u010cs. arm\u00e1dy 991, \u017damberk, 564 01, entered in the Commercial Register kept by the Regional Court in Hradec Kr\u00e1lov\u00e9, section C, insert 32979<\/li>\n<li><strong>NIKA Logistics a.s., Business ID No: 03624188<\/strong>, with its registered office at N\u00e1dra\u017en\u00ed 220, Hroch\u016fv T\u00fdnec, 538 62, entered in the Commercial Register kept by the Regional Court in Hradec Kr\u00e1lov\u00e9, Section B, Insert 3367<\/li>\n<\/ul>\n<p>Your personal data may be shared, and processed within all of the \u0160m\u00eddl Holding\u2019s a.s. group of companies<\/p>\n<p><u>Who are the Personal Data Subjects we process?<\/u><\/p>\n<ul>\n<li>Company employees<\/li>\n<li>Customers of these Companies (or their customers and suppliers) as recipients or senders of shipments that we transport or store<\/li>\n<li>Company suppliers<\/li>\n<li>Other entities (especially representatives of state administration bodies, state supervision or insurance companies that enter into the solution of traffic accidents or other damage cases)<\/li>\n<\/ul>\n<p><u>What personal data do we process?<\/u><\/p>\n<p>In particular it is:<\/p>\n<ul>\n<li>Identification data \u2013 name, surname, title, company, job position<\/li>\n<li>Contact details \u2013 email, phone numbers, company address or contact address<\/li>\n<li>Recordings from camera systems \u2013 in freely accessible parts of the Company\u2019s premises<\/li>\n<\/ul>\n<p>&nbsp;<\/p>\n<p><u>What is the purpose for the Company processing personal data?<\/u><\/p>\n<p>We process your personal data to the extent necessary for the purposes of:<\/p>\n<ul>\n<li>fulfilment of obligations arising from generally binding legal regulations<\/li>\n<li>fulfilment of obligations arising from contracts<\/li>\n<li>fulfilment of obligations arising from the conditions of the services used<\/li>\n<li>contact management for customer representatives and business partners<\/li>\n<li>sending business messages with the offer of products and services<\/li>\n<li>organising business events and training, including invitations and other organisational arrangements<\/li>\n<li>ensuring the protection of the Company\u2019s rights and legitimate interests<\/li>\n<\/ul>\n<p>&nbsp;<\/p>\n<p><u>Who are other recipients to whom this personal data is transferred?<\/u><\/p>\n<ul>\n<li>state administration and state supervision bodies<\/li>\n<li>information systems providers<\/li>\n<li>Company customers<\/li>\n<li>service providers who participate in implementing the Company\u2019s business cases<\/li>\n<li>potential Company customers<\/li>\n<li>external service providers (e.g., building security service)<\/li>\n<li>other entities (e.g., damage in traffic accidents)<\/li>\n<\/ul>\n<p>&nbsp;<\/p>\n<p><u>How long is personal data processed and stored?<\/u><\/p>\n<ul>\n<li>Personal data will be processed for the contractual relationship\u2019s validity period and after its termination they will be disposed of in accordance with the valid legal regulation, especially Act No. 85\/1996 Coll. (Advocacy Act), Act No. 499\/2004 Coll. (Law on Archiving and Records Management and on Amendments to Certain Acts) and Regulation (EU) 2016\/679 of the European Parliament and of the Council of April 27<sup>th<\/sup>, 2016 on the protection of individuals with regard to personal data processing and on the free movement of such data and repealing Directive 95\/46\/EC (GDPR Regulation).<\/li>\n<\/ul>\n<ul>\n<li><u>What are the data subject\u2019s rights?<\/u><\/li>\n<li>You have the right to request access to your personal data, its correction or deletion, or restrictions on processing and to object to the processing from the controller, as well as the right to data portability. You also have the right to make a complaint, and if you suspect that the processing is in breach of protecting your private or personal life, or in breach of the law, you have the right to ask the controller to remove the situation.<\/li>\n<\/ul>\n<p>&nbsp;<\/p>\n<p><u>How can Personal Data Subjects exercise their rights with the Company?<\/u><\/p>\n<ul>\n<li>We process your data transparently, correctly, and in accordance with the GDPR and generally binding legal regulations. You have the right to access and correct your data. You can exercise this right of access to your data and other rights by sending a request to the e-mail address gdpr@smidlholding.cz<\/li>\n<\/ul>\n<p>&nbsp;<\/p>\n<p><u>Where can I get more information?<\/u><\/p>\n<ul>\n<li>More information on the rights of the data subject is available on the Personal Data Protection Office website. (<a href=\"https:\/\/www.uoou.cz\/6-prava-subjektu-udaj\/d-27276\">https:\/\/www.uoou.cz\/6-prava-subjektu-udaj\/d-27276<\/a>)<\/li>\n<\/ul>\n<p class=\"cma-preview\">&nbsp;<\/p>\n","protected":false},"excerpt":{"rendered":"<p>\u0160m\u00eddl holding\u2019s personal data processing principles On May 25th, 2018,  [&#8230;]<\/p>\n","protected":false},"author":1,"featured_media":0,"parent":0,"menu_order":0,"comment_status":"closed","ping_status":"open","template":"","meta":{"om_disable_all_campaigns":false,"_monsterinsights_skip_tracking":false,"_monsterinsights_sitenote_active":false,"_monsterinsights_sitenote_note":"","_monsterinsights_sitenote_category":0,"ngg_post_thumbnail":0,"footnotes":""},"class_list":["post-117662","page","type-page","status-publish","hentry"],"_links":{"self":[{"href":"https:\/\/www.smidl.cz\/en\/wp-json\/wp\/v2\/pages\/117662","targetHints":{"allow":["GET"]}}],"collection":[{"href":"https:\/\/www.smidl.cz\/en\/wp-json\/wp\/v2\/pages"}],"about":[{"href":"https:\/\/www.smidl.cz\/en\/wp-json\/wp\/v2\/types\/page"}],"author":[{"embeddable":true,"href":"https:\/\/www.smidl.cz\/en\/wp-json\/wp\/v2\/users\/1"}],"replies":[{"embeddable":true,"href":"https:\/\/www.smidl.cz\/en\/wp-json\/wp\/v2\/comments?post=117662"}],"version-history":[{"count":2,"href":"https:\/\/www.smidl.cz\/en\/wp-json\/wp\/v2\/pages\/117662\/revisions"}],"predecessor-version":[{"id":117665,"href":"https:\/\/www.smidl.cz\/en\/wp-json\/wp\/v2\/pages\/117662\/revisions\/117665"}],"wp:attachment":[{"href":"https:\/\/www.smidl.cz\/en\/wp-json\/wp\/v2\/media?parent=117662"}],"curies":[{"name":"wp","href":"https:\/\/api.w.org\/{rel}","templated":true}]}}